{"id":1571,"date":"2022-07-27T11:22:25","date_gmt":"2022-07-27T11:22:25","guid":{"rendered":"https:\/\/aalborgguitarfestival.com\/?page_id=1571"},"modified":"2025-06-19T09:17:32","modified_gmt":"2025-06-19T09:17:32","slug":"gdpr","status":"publish","type":"page","link":"https:\/\/aalborgguitarfestival.com\/da\/gdpr\/","title":{"rendered":"GDPR"},"content":{"rendered":"\t\t<div data-elementor-type=\"wp-page\" data-elementor-id=\"1571\" class=\"elementor elementor-1571 elementor-1427\" data-elementor-post-type=\"page\">\n\t\t\t\t\t\t<section class=\"elementor-section elementor-top-section elementor-element elementor-element-a7b819a elementor-section-full_width elementor-section-content-middle elementor-section-height-default elementor-section-height-default\" data-id=\"a7b819a\" data-element_type=\"section\">\n\t\t\t\t\t\t<div class=\"elementor-container elementor-column-gap-no\">\n\t\t\t\t\t<div class=\"elementor-column elementor-col-100 elementor-top-column elementor-element elementor-element-631722e\" data-id=\"631722e\" data-element_type=\"column\">\n\t\t\t<div class=\"elementor-widget-wrap elementor-element-populated\">\n\t\t\t\t\t\t<div class=\"elementor-element elementor-element-30e6cde elementor--h-position-center elementor--v-position-middle elementor-widget elementor-widget-slides\" data-id=\"30e6cde\" data-element_type=\"widget\" data-settings=\"{&quot;navigation&quot;:&quot;none&quot;,&quot;transition&quot;:&quot;fade&quot;,&quot;autoplay&quot;:&quot;yes&quot;,&quot;pause_on_hover&quot;:&quot;yes&quot;,&quot;pause_on_interaction&quot;:&quot;yes&quot;,&quot;autoplay_speed&quot;:5000,&quot;infinite&quot;:&quot;yes&quot;,&quot;transition_speed&quot;:500}\" data-widget_type=\"slides.default\">\n\t\t\t\t<div class=\"elementor-widget-container\">\n\t\t\t\t\t\t\t\t\t<div class=\"elementor-swiper\">\n\t\t\t\t\t<div class=\"elementor-slides-wrapper elementor-main-swiper swiper\" role=\"region\" aria-roledescription=\"carousel\" aria-label=\"Dias (slides)\" dir=\"ltr\" data-animation=\"fadeInUp\">\n\t\t\t\t<div class=\"swiper-wrapper elementor-slides\">\n\t\t\t\t\t\t\t\t\t\t<div class=\"elementor-repeater-item-38bb50e swiper-slide\" role=\"group\" aria-roledescription=\"slide\"><div class=\"swiper-slide-bg\"><\/div><div class=\"swiper-slide-inner\" ><div class=\"swiper-slide-contents\"><div class=\"elementor-slide-heading\">GDPR<\/div><\/div><\/div><\/div>\t\t\t\t<\/div>\n\t\t\t\t\t\t\t<\/div>\n\t\t\t\t<\/div>\n\t\t\t\t\t\t\t\t<\/div>\n\t\t\t\t<\/div>\n\t\t\t\t\t<\/div>\n\t\t<\/div>\n\t\t\t\t\t<\/div>\n\t\t<\/section>\n\t\t\t\t<section class=\"elementor-section elementor-top-section elementor-element elementor-element-5f3aeafd elementor-section-boxed elementor-section-height-default elementor-section-height-default\" data-id=\"5f3aeafd\" data-element_type=\"section\" data-settings=\"{&quot;background_background&quot;:&quot;classic&quot;}\">\n\t\t\t\t\t\t<div class=\"elementor-container elementor-column-gap-default\">\n\t\t\t\t\t<div class=\"elementor-column elementor-col-100 elementor-top-column elementor-element elementor-element-63f4c8a\" data-id=\"63f4c8a\" data-element_type=\"column\">\n\t\t\t<div class=\"elementor-widget-wrap elementor-element-populated\">\n\t\t\t\t\t\t<div class=\"elementor-element elementor-element-5aabeae elementor-widget elementor-widget-text-editor\" data-id=\"5aabeae\" data-element_type=\"widget\" data-widget_type=\"text-editor.default\">\n\t\t\t\t<div class=\"elementor-widget-container\">\n\t\t\t\t\t\t\t\t\t<p><strong>AALBORG GUITAR FESTIVAL &amp; COMPETITIONS<br>CVR\/VAT: 20713593 <br>A Society.<br>C\/O Frederik Wang<br>Hasserisgade 147 st.<br>9000 Aalborg<\/strong><\/p>\n<p><strong><br><\/strong><\/p>\n<p><strong><u>DATABESKYTTELSE &#8211; DATABESKYTTELSE<\/u><\/strong><strong><br> <\/strong><strong>VI BESKYTTER DINE DATA. <br>Aalborg Guitar Festival &amp; Competitions behandler dine data i henhold til f\u00f8lgende regler:<\/strong><\/p>\n<p><strong><br><\/strong><\/p>\n<p><strong>Data om billetoplysninger.&nbsp;<br>Vi indsamler kun de oplysninger om dig, som du frivilligt giver, n\u00e5r du k\u00f8ber billetter online. Det v\u00e6re sig f.eks. k\u00f8bshistorik, navn, e-mailadresse. Vi bruger kun dine data i forbindelse med vores kommunikation med dig, f.eks. ved indsendelse af kursusplaner, konkurrenceplaner, aflysning af en koncert eller et kursus og til at sende praktiske oplysninger.   &nbsp;<br>Vi bruger et eksternt billetsystem, n\u00e5r du trykker p\u00e5 billetlinket p\u00e5 siden.<\/strong><\/p>\n<p><strong>Nordicway.com er v\u00e6rt for vores hjemmeside.<\/strong><\/p>\n<p><strong>Vi bruger WordPress.<\/strong><\/p>\n<p><strong>Registrere din adf\u00e6rd.&nbsp;<br>N\u00e5r du bes\u00f8ger vores hjemmeside, registrerer vi dine handlinger i Google Analytics via cookies. Alle registreringer har anonymiseret ip-adresse og er dermed renset for data, der potentielt kan spores til en privat bruger. Vi bruger udelukkende vores data til statistik og til at optimere vores kommunikation med dig. Disse data kan kun tilg\u00e5s af relevante medarbejdere og partnere.   <\/strong><\/p>\n<p><strong><br><\/strong><\/p>\n<p><strong><\/strong><strong><strong>Opbevaring af data. <br>Data om din k\u00f8bshistorik og webadf\u00e6rd gemmes i databaser, der er sikret mod uautoriseret adgang ved hj\u00e6lp af brugeridentifikation og adgangskode.<\/strong><\/strong><\/p>\n<p><strong><br><\/strong><\/p>\n<p><strong><\/strong><strong><strong>Indsigt i oplysninger. <br>Du kan til enhver tid kontakte os for at finde ud af, hvilke oplysninger vi har om dig. <\/strong><\/strong> <strong>Skriv til fs@aalborgguitarfestival.com eller ring p\u00e5 tlf. +4524477750<\/strong><\/p>\n<p><strong><\/strong><\/p><strong>\n<p>VI V\u00c6RNER OM DINE DATA.<br>Aalborg Guitar Festival &amp; Competitions behandler dine data efter f\u00f8lgende regler:<\/p>\n<\/strong><p><strong><\/strong><\/p>\n<p><strong>Dataoplysninger vedr\u00f8rende billetk\u00f8b.<\/strong><strong><strong><br>Vi indsamler kun de oplysninger om dig, som du frivilligt oplyser ved billetk\u00f8b online.<\/strong><strong><\/strong><\/strong><strong>Det v\u00e6re sig f.eks. k\u00f8bshistorik, navn, mailadresse. <\/strong><strong>\u2028<\/strong><strong>Vi bruger kun dine data i forbindelse med vores kommunikation til dig, f.eks. ved fremsendelse af kursusplaner, r\u00e6kkef\u00f8lgen i konkurrencen, aflysning af en koncert eller kursus, p\u00e5mindelser og praktiske oplysninger. &nbsp;<br>Vi anvender et eksternt billetsystem, n\u00e5r der klikkes p\u00e5 billet-linket p\u00e5 hjemmesiden.<\/strong><\/p>\n<p><strong>Nordicway.com hoster vores hjemmeside<\/strong><\/p>\n<p><strong>Vi anvender WordPress.<\/strong><\/p>\n<p><strong>Registrering af din adf\u00e6rd.<br>N\u00e5r du bes\u00f8ger vores hjemmeside, registrerer vi dine handlinger i Google Analytics via cookies. Alle registreringer har anonymiseret ip-adresse, og er dermed renset for data, der potentielt ville kunne spores til en privat bruger. Vores data bruger vi udelukkende til statistik, og til at optimere vores kommunikation til dig. Disse data kan kun tilg\u00e5s af relevante medarbejdere og partnere.   <\/strong><\/p>\n<p><strong><br><\/strong><\/p>\n<p><strong>Opbevaring af data.<\/strong><strong><strong><br>Data om din k\u00f8bshistorik og webadf\u00e6rd opbevares i databaser, der er sikret mod uautoriseret adgang ved hj\u00e6lp af brugeridentifikation og password.<\/strong><\/strong><\/p>\n<p><strong><br><\/strong><\/p>\n<p><strong>Indsigt i oplysninger.<\/strong><strong><strong><br>Du kan til hver en tid kontakte os og f\u00e5 at vide, hvilke oplysninger vi har om dig.<\/strong><strong><\/strong><\/strong><\/p>\n<p><strong>Skriv til fs@aalborgguitarfestival.com eller ring p\u00e5 tlf. 24477750<\/strong><\/p>\n<p><\/p>\t\t\t\t\t\t\t\t<\/div>\n\t\t\t\t<\/div>\n\t\t\t\t\t<\/div>\n\t\t<\/div>\n\t\t\t\t\t<\/div>\n\t\t<\/section>\n\t\t\t\t<\/div>\n\t\t","protected":false},"excerpt":{"rendered":"<p>GDPR AALBORG GUITAR FESTIVAL &amp; COMPETITIONSCVR\/VAT: 20713593 A Society.C\/O Frederik WangHasserisgade 147 st.9000 Aalborg DATABESKYTTELSE &#8211; DATABESKYTTELSE VI BESKYTTER DINE DATA. Aalborg Guitar Festival &amp; Competitions behandler dine data i henhold til f\u00f8lgende regler: Data om billetoplysninger.&nbsp;Vi indsamler kun de oplysninger om dig, som du frivilligt giver, n\u00e5r du k\u00f8ber billetter online. Det v\u00e6re sig [&hellip;]<\/p>\n","protected":false},"author":1,"featured_media":0,"parent":0,"menu_order":0,"comment_status":"closed","ping_status":"closed","template":"","meta":{"site-sidebar-layout":"no-sidebar","site-content-layout":"page-builder","ast-site-content-layout":"default","site-content-style":"default","site-sidebar-style":"default","ast-global-header-display":"","ast-banner-title-visibility":"","ast-main-header-display":"","ast-hfb-above-header-display":"","ast-hfb-below-header-display":"","ast-hfb-mobile-header-display":"","site-post-title":"disabled","ast-breadcrumbs-content":"","ast-featured-img":"disabled","footer-sml-layout":"","ast-disable-related-posts":"","theme-transparent-header-meta":"default","adv-header-id-meta":"","stick-header-meta":"","header-above-stick-meta":"","header-main-stick-meta":"","header-below-stick-meta":"","astra-migrate-meta-layouts":"default","ast-page-background-enabled":"default","ast-page-background-meta":{"desktop":{"background-color":"var(--ast-global-color-4)","background-image":"","background-repeat":"repeat","background-position":"center center","background-size":"auto","background-attachment":"scroll","background-type":"","background-media":"","overlay-type":"","overlay-color":"","overlay-opacity":"","overlay-gradient":""},"tablet":{"background-color":"","background-image":"","background-repeat":"repeat","background-position":"center center","background-size":"auto","background-attachment":"scroll","background-type":"","background-media":"","overlay-type":"","overlay-color":"","overlay-opacity":"","overlay-gradient":""},"mobile":{"background-color":"","background-image":"","background-repeat":"repeat","background-position":"center center","background-size":"auto","background-attachment":"scroll","background-type":"","background-media":"","overlay-type":"","overlay-color":"","overlay-opacity":"","overlay-gradient":""}},"ast-content-background-meta":{"desktop":{"background-color":"var(--ast-global-color-5)","background-image":"","background-repeat":"repeat","background-position":"center center","background-size":"auto","background-attachment":"scroll","background-type":"","background-media":"","overlay-type":"","overlay-color":"","overlay-opacity":"","overlay-gradient":""},"tablet":{"background-color":"var(--ast-global-color-5)","background-image":"","background-repeat":"repeat","background-position":"center center","background-size":"auto","background-attachment":"scroll","background-type":"","background-media":"","overlay-type":"","overlay-color":"","overlay-opacity":"","overlay-gradient":""},"mobile":{"background-color":"var(--ast-global-color-5)","background-image":"","background-repeat":"repeat","background-position":"center center","background-size":"auto","background-attachment":"scroll","background-type":"","background-media":"","overlay-type":"","overlay-color":"","overlay-opacity":"","overlay-gradient":""}},"footnotes":""},"class_list":["post-1571","page","type-page","status-publish","hentry"],"yoast_head":"<!-- This site is optimized with the Yoast SEO plugin v27.4 - https:\/\/yoast.com\/product\/yoast-seo-wordpress\/ -->\n<title>GDPR | Aalborg Guitar Festival &amp; Competition<\/title>\n<meta name=\"robots\" content=\"noindex, nofollow\" \/>\n<meta property=\"og:locale\" content=\"da_DK\" \/>\n<meta property=\"og:type\" content=\"article\" \/>\n<meta property=\"og:title\" content=\"GDPR | Aalborg Guitar Festival &amp; Competition\" \/>\n<meta property=\"og:description\" content=\"GDPR AALBORG GUITAR FESTIVAL &amp; COMPETITIONSCVR\/VAT: 20713593 A Society.C\/O Frederik WangHasserisgade 147 st.9000 Aalborg DATABESKYTTELSE &#8211; DATABESKYTTELSE VI BESKYTTER DINE DATA. Aalborg Guitar Festival &amp; Competitions behandler dine data i henhold til f\u00f8lgende regler: Data om billetoplysninger.&nbsp;Vi indsamler kun de oplysninger om dig, som du frivilligt giver, n\u00e5r du k\u00f8ber billetter online. Det v\u00e6re sig [&hellip;]\" \/>\n<meta property=\"og:url\" content=\"https:\/\/aalborgguitarfestival.com\/da\/gdpr\/\" \/>\n<meta property=\"og:site_name\" content=\"Aalborg Guitar Festival &amp; Competition\" \/>\n<meta property=\"article:publisher\" content=\"https:\/\/www.facebook.com\/Aalborgguitarfestival\" \/>\n<meta property=\"article:modified_time\" content=\"2025-06-19T09:17:32+00:00\" \/>\n<meta property=\"og:image\" content=\"https:\/\/aalborgguitarfestival.com\/wp-content\/uploads\/2022\/06\/Original-Logo-1536x710-1.png\" \/>\n\t<meta property=\"og:image:width\" content=\"612\" \/>\n\t<meta property=\"og:image:height\" content=\"200\" \/>\n\t<meta property=\"og:image:type\" content=\"image\/png\" \/>\n<meta name=\"twitter:card\" content=\"summary_large_image\" \/>\n<meta name=\"twitter:label1\" content=\"Estimeret l\u00e6setid\" \/>\n\t<meta name=\"twitter:data1\" content=\"2 minutter\" \/>\n<script type=\"application\/ld+json\" class=\"yoast-schema-graph\">{\"@context\":\"https:\\\/\\\/schema.org\",\"@graph\":[{\"@type\":\"WebPage\",\"@id\":\"https:\\\/\\\/aalborgguitarfestival.com\\\/da\\\/gdpr\\\/\",\"url\":\"https:\\\/\\\/aalborgguitarfestival.com\\\/da\\\/gdpr\\\/\",\"name\":\"GDPR | Aalborg Guitar Festival &amp; Competition\",\"isPartOf\":{\"@id\":\"https:\\\/\\\/aalborgguitarfestival.com\\\/#website\"},\"datePublished\":\"2022-07-27T11:22:25+00:00\",\"dateModified\":\"2025-06-19T09:17:32+00:00\",\"breadcrumb\":{\"@id\":\"https:\\\/\\\/aalborgguitarfestival.com\\\/da\\\/gdpr\\\/#breadcrumb\"},\"inLanguage\":\"da-DK\",\"potentialAction\":[{\"@type\":\"ReadAction\",\"target\":[\"https:\\\/\\\/aalborgguitarfestival.com\\\/da\\\/gdpr\\\/\"]}]},{\"@type\":\"BreadcrumbList\",\"@id\":\"https:\\\/\\\/aalborgguitarfestival.com\\\/da\\\/gdpr\\\/#breadcrumb\",\"itemListElement\":[{\"@type\":\"ListItem\",\"position\":1,\"name\":\"Hjem\",\"item\":\"https:\\\/\\\/aalborgguitarfestival.com\\\/da\\\/home\\\/\"},{\"@type\":\"ListItem\",\"position\":2,\"name\":\"GDPR\"}]},{\"@type\":\"WebSite\",\"@id\":\"https:\\\/\\\/aalborgguitarfestival.com\\\/#website\",\"url\":\"https:\\\/\\\/aalborgguitarfestival.com\\\/\",\"name\":\"Aalborg Guitar Festival &amp; Competition\",\"description\":\"Concerts - Competitions - Masterclasses - Workshops - Exhibitions\",\"publisher\":{\"@id\":\"https:\\\/\\\/aalborgguitarfestival.com\\\/#organization\"},\"potentialAction\":[{\"@type\":\"SearchAction\",\"target\":{\"@type\":\"EntryPoint\",\"urlTemplate\":\"https:\\\/\\\/aalborgguitarfestival.com\\\/?s={search_term_string}\"},\"query-input\":{\"@type\":\"PropertyValueSpecification\",\"valueRequired\":true,\"valueName\":\"search_term_string\"}}],\"inLanguage\":\"da-DK\"},{\"@type\":\"Organization\",\"@id\":\"https:\\\/\\\/aalborgguitarfestival.com\\\/#organization\",\"name\":\"Aalborg Guitar Festival & Competitions\",\"url\":\"https:\\\/\\\/aalborgguitarfestival.com\\\/\",\"logo\":{\"@type\":\"ImageObject\",\"inLanguage\":\"da-DK\",\"@id\":\"https:\\\/\\\/aalborgguitarfestival.com\\\/#\\\/schema\\\/logo\\\/image\\\/\",\"url\":\"https:\\\/\\\/aalborgguitarfestival.com\\\/wp-content\\\/uploads\\\/2022\\\/06\\\/Original-Logo-1536x710-1.png\",\"contentUrl\":\"https:\\\/\\\/aalborgguitarfestival.com\\\/wp-content\\\/uploads\\\/2022\\\/06\\\/Original-Logo-1536x710-1.png\",\"width\":612,\"height\":200,\"caption\":\"Aalborg Guitar Festival & Competitions\"},\"image\":{\"@id\":\"https:\\\/\\\/aalborgguitarfestival.com\\\/#\\\/schema\\\/logo\\\/image\\\/\"},\"sameAs\":[\"https:\\\/\\\/www.facebook.com\\\/Aalborgguitarfestival\",\"https:\\\/\\\/www.instagram.com\\\/aalborgguitarfestival\\\/\"]}]}<\/script>\n<!-- \/ Yoast SEO plugin. -->","yoast_head_json":{"title":"GDPR | Aalborg Guitar Festival &amp; Competition","robots":{"index":"noindex","follow":"nofollow"},"og_locale":"da_DK","og_type":"article","og_title":"GDPR | Aalborg Guitar Festival &amp; Competition","og_description":"GDPR AALBORG GUITAR FESTIVAL &amp; COMPETITIONSCVR\/VAT: 20713593 A Society.C\/O Frederik WangHasserisgade 147 st.9000 Aalborg DATABESKYTTELSE &#8211; DATABESKYTTELSE VI BESKYTTER DINE DATA. Aalborg Guitar Festival &amp; Competitions behandler dine data i henhold til f\u00f8lgende regler: Data om billetoplysninger.&nbsp;Vi indsamler kun de oplysninger om dig, som du frivilligt giver, n\u00e5r du k\u00f8ber billetter online. Det v\u00e6re sig [&hellip;]","og_url":"https:\/\/aalborgguitarfestival.com\/da\/gdpr\/","og_site_name":"Aalborg Guitar Festival &amp; Competition","article_publisher":"https:\/\/www.facebook.com\/Aalborgguitarfestival","article_modified_time":"2025-06-19T09:17:32+00:00","og_image":[{"width":612,"height":200,"url":"https:\/\/aalborgguitarfestival.com\/wp-content\/uploads\/2022\/06\/Original-Logo-1536x710-1.png","type":"image\/png"}],"twitter_card":"summary_large_image","twitter_misc":{"Estimeret l\u00e6setid":"2 minutter"},"schema":{"@context":"https:\/\/schema.org","@graph":[{"@type":"WebPage","@id":"https:\/\/aalborgguitarfestival.com\/da\/gdpr\/","url":"https:\/\/aalborgguitarfestival.com\/da\/gdpr\/","name":"GDPR | Aalborg Guitar Festival &amp; Competition","isPartOf":{"@id":"https:\/\/aalborgguitarfestival.com\/#website"},"datePublished":"2022-07-27T11:22:25+00:00","dateModified":"2025-06-19T09:17:32+00:00","breadcrumb":{"@id":"https:\/\/aalborgguitarfestival.com\/da\/gdpr\/#breadcrumb"},"inLanguage":"da-DK","potentialAction":[{"@type":"ReadAction","target":["https:\/\/aalborgguitarfestival.com\/da\/gdpr\/"]}]},{"@type":"BreadcrumbList","@id":"https:\/\/aalborgguitarfestival.com\/da\/gdpr\/#breadcrumb","itemListElement":[{"@type":"ListItem","position":1,"name":"Hjem","item":"https:\/\/aalborgguitarfestival.com\/da\/home\/"},{"@type":"ListItem","position":2,"name":"GDPR"}]},{"@type":"WebSite","@id":"https:\/\/aalborgguitarfestival.com\/#website","url":"https:\/\/aalborgguitarfestival.com\/","name":"Aalborg Guitar Festival &amp; Competition","description":"Concerts - Competitions - Masterclasses - Workshops - Exhibitions","publisher":{"@id":"https:\/\/aalborgguitarfestival.com\/#organization"},"potentialAction":[{"@type":"SearchAction","target":{"@type":"EntryPoint","urlTemplate":"https:\/\/aalborgguitarfestival.com\/?s={search_term_string}"},"query-input":{"@type":"PropertyValueSpecification","valueRequired":true,"valueName":"search_term_string"}}],"inLanguage":"da-DK"},{"@type":"Organization","@id":"https:\/\/aalborgguitarfestival.com\/#organization","name":"Aalborg Guitar Festival & Competitions","url":"https:\/\/aalborgguitarfestival.com\/","logo":{"@type":"ImageObject","inLanguage":"da-DK","@id":"https:\/\/aalborgguitarfestival.com\/#\/schema\/logo\/image\/","url":"https:\/\/aalborgguitarfestival.com\/wp-content\/uploads\/2022\/06\/Original-Logo-1536x710-1.png","contentUrl":"https:\/\/aalborgguitarfestival.com\/wp-content\/uploads\/2022\/06\/Original-Logo-1536x710-1.png","width":612,"height":200,"caption":"Aalborg Guitar Festival & Competitions"},"image":{"@id":"https:\/\/aalborgguitarfestival.com\/#\/schema\/logo\/image\/"},"sameAs":["https:\/\/www.facebook.com\/Aalborgguitarfestival","https:\/\/www.instagram.com\/aalborgguitarfestival\/"]}]}},"_links":{"self":[{"href":"https:\/\/aalborgguitarfestival.com\/da\/wp-json\/wp\/v2\/pages\/1571","targetHints":{"allow":["GET"]}}],"collection":[{"href":"https:\/\/aalborgguitarfestival.com\/da\/wp-json\/wp\/v2\/pages"}],"about":[{"href":"https:\/\/aalborgguitarfestival.com\/da\/wp-json\/wp\/v2\/types\/page"}],"author":[{"embeddable":true,"href":"https:\/\/aalborgguitarfestival.com\/da\/wp-json\/wp\/v2\/users\/1"}],"replies":[{"embeddable":true,"href":"https:\/\/aalborgguitarfestival.com\/da\/wp-json\/wp\/v2\/comments?post=1571"}],"version-history":[{"count":2,"href":"https:\/\/aalborgguitarfestival.com\/da\/wp-json\/wp\/v2\/pages\/1571\/revisions"}],"predecessor-version":[{"id":12543,"href":"https:\/\/aalborgguitarfestival.com\/da\/wp-json\/wp\/v2\/pages\/1571\/revisions\/12543"}],"wp:attachment":[{"href":"https:\/\/aalborgguitarfestival.com\/da\/wp-json\/wp\/v2\/media?parent=1571"}],"curies":[{"name":"wp","href":"https:\/\/api.w.org\/{rel}","templated":true}]}}