{"id":1555,"date":"2022-07-27T11:21:02","date_gmt":"2022-07-27T11:21:02","guid":{"rendered":"https:\/\/aalborgguitarfestival.com\/?page_id=1555"},"modified":"2025-09-27T12:59:43","modified_gmt":"2025-09-27T12:59:43","slug":"about-us","status":"publish","type":"page","link":"https:\/\/aalborgguitarfestival.com\/da\/about-us\/","title":{"rendered":"Om"},"content":{"rendered":"\t\t<div data-elementor-type=\"wp-page\" data-elementor-id=\"1555\" class=\"elementor elementor-1555 elementor-230\" data-elementor-post-type=\"page\">\n\t\t\t\t\t\t<section class=\"elementor-section elementor-top-section elementor-element elementor-element-a7b819a elementor-section-full_width elementor-section-content-middle elementor-section-height-default elementor-section-height-default\" data-id=\"a7b819a\" data-element_type=\"section\">\n\t\t\t\t\t\t<div class=\"elementor-container elementor-column-gap-no\">\n\t\t\t\t\t<div class=\"elementor-column elementor-col-100 elementor-top-column elementor-element elementor-element-631722e\" data-id=\"631722e\" data-element_type=\"column\">\n\t\t\t<div class=\"elementor-widget-wrap elementor-element-populated\">\n\t\t\t\t\t\t<div class=\"elementor-element elementor-element-30e6cde elementor-widget__width-inherit elementor--h-position-center elementor--v-position-middle elementor-widget elementor-widget-slides\" data-id=\"30e6cde\" data-element_type=\"widget\" data-settings=\"{&quot;navigation&quot;:&quot;none&quot;,&quot;transition&quot;:&quot;fade&quot;,&quot;autoplay&quot;:&quot;yes&quot;,&quot;pause_on_hover&quot;:&quot;yes&quot;,&quot;pause_on_interaction&quot;:&quot;yes&quot;,&quot;autoplay_speed&quot;:5000,&quot;infinite&quot;:&quot;yes&quot;,&quot;transition_speed&quot;:500}\" data-widget_type=\"slides.default\">\n\t\t\t\t<div class=\"elementor-widget-container\">\n\t\t\t\t\t\t\t\t\t<div class=\"elementor-swiper\">\n\t\t\t\t\t<div class=\"elementor-slides-wrapper elementor-main-swiper swiper\" role=\"region\" aria-roledescription=\"carousel\" aria-label=\"Slides\" dir=\"ltr\" data-animation=\"fadeInUp\">\n\t\t\t\t<div class=\"swiper-wrapper elementor-slides\">\n\t\t\t\t\t\t\t\t\t\t<div class=\"elementor-repeater-item-38bb50e swiper-slide\" role=\"group\" aria-roledescription=\"slide\"><div class=\"swiper-slide-bg elementor-ken-burns elementor-ken-burns--in\" role=\"img\" aria-label=\"agfcIII\"><\/div><div class=\"elementor-background-overlay\"><\/div><div class=\"swiper-slide-inner\" ><div class=\"swiper-slide-contents\"><\/div><\/div><\/div>\t\t\t\t<\/div>\n\t\t\t\t\t\t\t<\/div>\n\t\t\t\t<\/div>\n\t\t\t\t\t\t\t\t<\/div>\n\t\t\t\t<\/div>\n\t\t\t\t<div class=\"elementor-element elementor-element-d434cbf elementor-widget__width-inherit elementor-widget elementor-widget-heading\" data-id=\"d434cbf\" data-element_type=\"widget\" data-widget_type=\"heading.default\">\n\t\t\t\t<div class=\"elementor-widget-container\">\n\t\t\t\t\t<h1 class=\"elementor-heading-title elementor-size-default\"><span style=\"font-weight: 600\">Om <br><span style=\"font-size: 17px\">Aalborg internationale guitarfestival &amp; konkurrence<\/h1>\t\t\t\t<\/div>\n\t\t\t\t<\/div>\n\t\t\t\t\t<\/div>\n\t\t<\/div>\n\t\t\t\t\t<\/div>\n\t\t<\/section>\n\t\t\t\t<section class=\"elementor-section elementor-top-section elementor-element elementor-element-5f3aeafd elementor-section-boxed elementor-section-height-default elementor-section-height-default\" data-id=\"5f3aeafd\" data-element_type=\"section\" data-settings=\"{&quot;background_background&quot;:&quot;classic&quot;}\">\n\t\t\t\t\t\t<div class=\"elementor-container elementor-column-gap-default\">\n\t\t\t\t\t<div class=\"elementor-column elementor-col-100 elementor-top-column elementor-element elementor-element-63f4c8a\" data-id=\"63f4c8a\" data-element_type=\"column\">\n\t\t\t<div class=\"elementor-widget-wrap elementor-element-populated\">\n\t\t\t\t\t\t<div class=\"elementor-element elementor-element-2f5502e elementor-widget elementor-widget-heading\" data-id=\"2f5502e\" data-element_type=\"widget\" data-widget_type=\"heading.default\">\n\t\t\t\t<div class=\"elementor-widget-container\">\n\t\t\t\t\t<h2 class=\"elementor-heading-title elementor-size-default\">Visionen\/missionen:<br>Aalborg Guitar Festival &amp; Competitions.<br>Koncerter - konkurrencer - workshops - udstillinger.<\/h2>\t\t\t\t<\/div>\n\t\t\t\t<\/div>\n\t\t\t\t<div class=\"elementor-element elementor-element-5aabeae elementor-widget__width-initial elementor-widget elementor-widget-text-editor\" data-id=\"5aabeae\" data-element_type=\"widget\" data-widget_type=\"text-editor.default\">\n\t\t\t\t<div class=\"elementor-widget-container\">\n\t\t\t\t\t\t\t\t\t<p>Den st\u00f8rste guitarfestival i Danmark. Du kan h\u00f8re klassisk, moderne, jazz og blues. <span style=\"color: #4f031e;\"><a style=\"color: #4f031e;\" href=\"https:\/\/www.andalucia.com\/flamenco\/history.htm\">Flamenco<\/a><\/span>Folkemusik, musik for alle &#8211; unge og gamle.<\/p><p>Aalborg Guitar Festival &amp; Competitions skaber gennem <span style=\"color: #4f031e;\"><a style=\"color: #4f031e;\" href=\"https:\/\/aalborgguitarfestival.com\/conserts\/\">koncerter<\/a>,<\/span> konkurrencer, workshops, musik og guitarudstillinger et forum, der skal fungere som inspirationskilde for alle med interesse for guitaren, b\u00e5de som rytme- og klassisk instrument, hvad enten man er professionel musikl\u00e6rer, musikfan eller glad amat\u00f8r. M\u00f8d nye guitarvenner til en koncert, workshop, konkurrence eller p\u00e5 en udstilling.<\/p><p>Ved at rytmisk m\u00f8de klassisk, og amat\u00f8rer m\u00f8der og samarbejder med professionelle, skabes et forum, der nedbryder gr\u00e6nser. Det giver mulighed for oplevelser og samarbejde p\u00e5 tv\u00e6rs af stilarter og gr\u00e6nser.<\/p><p>TAK FOR ST\u00d8TTE OG SAMARBEJDE TIL:<br \/>Aalborg Kommune, Statens Kunstfond, Augustinus Fonden, Knud H\u00f8jgaards Fond, Kulturskoler i Nordjylland, Skipper Clement Skolen, Det Jyske Musikkonservatorium, GuitarRama, Savarez, D\u00e1ddario, Sankt Markus Kirken, Aalborg Kulturskole, DotGuitar.it, Siccas Guitar, Klaverstemmeren, Casa De La Guitarra, Classical Guitar Copenhagen, Silkeborg Guitarklub, Fokus Kulturklub, Fokus Aalborg, Hj\u00f8rring Musiske Skole, Bergmann Edition, Dansk og Center For Jazzhistorie<\/p>\t\t\t\t\t\t\t\t<\/div>\n\t\t\t\t<\/div>\n\t\t\t\t<div class=\"elementor-element elementor-element-831e722 elementor-widget elementor-widget-heading\" data-id=\"831e722\" data-element_type=\"widget\" data-widget_type=\"heading.default\">\n\t\t\t\t<div class=\"elementor-widget-container\">\n\t\t\t\t\t<h2 class=\"elementor-heading-title elementor-size-default\">MEDLEMMER AF BESTYRELSEN<\/h2>\t\t\t\t<\/div>\n\t\t\t\t<\/div>\n\t\t\t\t<div class=\"elementor-element elementor-element-dbe3f7d elementor-widget__width-initial elementor-widget elementor-widget-text-editor\" data-id=\"dbe3f7d\" data-element_type=\"widget\" data-widget_type=\"text-editor.default\">\n\t\t\t\t<div class=\"elementor-widget-container\">\n\t\t\t\t\t\t\t\t\t<p>Formand: Finn Elias Svit, <br>Kasserer: Thomas Hvid,<br>Frederik Wang.<br>Suppleanter:<br>Anette Wandel<br>Kjeld Lanng<\/p><p>Foreningen &#8220;Aalborg Guitar Festival &amp; Competetions&#8221; har til form\u00e5l en gang om \u00e5ret at skabe en festival med guitaren i fokus. Det er en festival, der best\u00e5r af koncerter, konkurrencer, workshops og udstillinger.<\/p><p>Alle, der \u00f8nsker at st\u00f8tte eller deltage i ovenn\u00e6vnte form\u00e5l, kan optages som medlemmer.<\/p><p>Et medlemskab koster kr. 150,-.<\/p><p> <\/p>\t\t\t\t\t\t\t\t<\/div>\n\t\t\t\t<\/div>\n\t\t\t\t\t<\/div>\n\t\t<\/div>\n\t\t\t\t\t<\/div>\n\t\t<\/section>\n\t\t\t\t<section class=\"elementor-section elementor-top-section elementor-element elementor-element-19fe6e0a elementor-section-boxed elementor-section-height-default elementor-section-height-default\" data-id=\"19fe6e0a\" data-element_type=\"section\">\n\t\t\t\t\t\t<div class=\"elementor-container elementor-column-gap-default\">\n\t\t\t\t\t<div class=\"elementor-column elementor-col-100 elementor-top-column elementor-element elementor-element-5bfd4d06\" data-id=\"5bfd4d06\" data-element_type=\"column\" data-settings=\"{&quot;background_background&quot;:&quot;classic&quot;}\">\n\t\t\t<div class=\"elementor-widget-wrap elementor-element-populated\">\n\t\t\t\t\t\t<section class=\"elementor-section elementor-inner-section elementor-element elementor-element-133bdf4a elementor-section-full_width elementor-section-height-default elementor-section-height-default\" data-id=\"133bdf4a\" data-element_type=\"section\" data-settings=\"{&quot;background_background&quot;:&quot;classic&quot;}\">\n\t\t\t\t\t\t<div class=\"elementor-container elementor-column-gap-default\">\n\t\t\t\t\t<div class=\"elementor-column elementor-col-100 elementor-inner-column elementor-element elementor-element-2c6a3eca\" data-id=\"2c6a3eca\" data-element_type=\"column\">\n\t\t\t<div class=\"elementor-widget-wrap elementor-element-populated\">\n\t\t\t\t\t\t<div class=\"elementor-element elementor-element-73fee63b elementor-widget elementor-widget-heading\" data-id=\"73fee63b\" data-element_type=\"widget\" data-widget_type=\"heading.default\">\n\t\t\t\t<div class=\"elementor-widget-container\">\n\t\t\t\t\t<h2 class=\"elementor-heading-title elementor-size-default\">Lad os bygge noget fantastisk sammen.<\/h2>\t\t\t\t<\/div>\n\t\t\t\t<\/div>\n\t\t\t\t<div class=\"elementor-element elementor-element-3db439aa elementor-button-align-stretch elementor-widget elementor-widget-form\" data-id=\"3db439aa\" data-element_type=\"widget\" data-settings=\"{&quot;step_next_label&quot;:&quot;N\\u00e6ste&quot;,&quot;step_previous_label&quot;:&quot;Forrige&quot;,&quot;button_width&quot;:&quot;100&quot;,&quot;step_type&quot;:&quot;number_text&quot;,&quot;step_icon_shape&quot;:&quot;circle&quot;}\" data-widget_type=\"form.default\">\n\t\t\t\t<div class=\"elementor-widget-container\">\n\t\t\t\t\t\t\t<form class=\"elementor-form\" method=\"post\" name=\"Kontaktformular\" aria-label=\"Kontaktformular\">\n\t\t\t<input type=\"hidden\" name=\"post_id\" value=\"1555\"\/>\n\t\t\t<input type=\"hidden\" name=\"form_id\" value=\"3db439aa\"\/>\n\t\t\t<input type=\"hidden\" name=\"referer_title\" value=\"Om Aalborg Guitar Festival &amp; Competition | Aalborg\" \/>\n\n\t\t\t\t\t\t\t<input type=\"hidden\" name=\"queried_id\" value=\"1555\"\/>\n\t\t\t\n\t\t\t<div class=\"elementor-form-fields-wrapper elementor-labels-\">\n\t\t\t\t\t\t\t\t<div class=\"elementor-field-type-text elementor-field-group elementor-column elementor-field-group-name elementor-col-50\">\n\t\t\t\t\t\t\t\t\t\t\t\t<label for=\"form-field-name\" class=\"elementor-field-label elementor-screen-only\">\n\t\t\t\t\t\t\t\tFornavn\t\t\t\t\t\t\t<\/label>\n\t\t\t\t\t\t\t\t\t\t\t\t\t\t<input size=\"1\" type=\"text\" name=\"form_fields[name]\" id=\"form-field-name\" class=\"elementor-field elementor-size-lg  elementor-field-textual\" placeholder=\"Fornavn*\">\n\t\t\t\t\t\t\t\t\t\t\t<\/div>\n\t\t\t\t\t\t\t\t<div class=\"elementor-field-type-text elementor-field-group elementor-column elementor-field-group-field_1 elementor-col-50\">\n\t\t\t\t\t\t\t\t\t\t\t\t<label for=\"form-field-field_1\" class=\"elementor-field-label elementor-screen-only\">\n\t\t\t\t\t\t\t\tEfternavn\t\t\t\t\t\t\t<\/label>\n\t\t\t\t\t\t\t\t\t\t\t\t\t\t<input size=\"1\" type=\"text\" name=\"form_fields[field_1]\" id=\"form-field-field_1\" class=\"elementor-field elementor-size-lg  elementor-field-textual\" placeholder=\"Efternavn*\">\n\t\t\t\t\t\t\t\t\t\t\t<\/div>\n\t\t\t\t\t\t\t\t<div class=\"elementor-field-type-email elementor-field-group elementor-column elementor-field-group-email elementor-col-50 elementor-field-required\">\n\t\t\t\t\t\t\t\t\t\t\t\t<label for=\"form-field-email\" class=\"elementor-field-label elementor-screen-only\">\n\t\t\t\t\t\t\t\tE-mail\t\t\t\t\t\t\t<\/label>\n\t\t\t\t\t\t\t\t\t\t\t\t\t\t<input size=\"1\" type=\"email\" name=\"form_fields[email]\" id=\"form-field-email\" class=\"elementor-field elementor-size-lg  elementor-field-textual\" placeholder=\"Email*\" required=\"required\">\n\t\t\t\t\t\t\t\t\t\t\t<\/div>\n\t\t\t\t\t\t\t\t<div class=\"elementor-field-type-tel elementor-field-group elementor-column elementor-field-group-field_2 elementor-col-50\">\n\t\t\t\t\t\t\t\t\t\t\t\t<label for=\"form-field-field_2\" class=\"elementor-field-label elementor-screen-only\">\n\t\t\t\t\t\t\t\tTelefon\t\t\t\t\t\t\t<\/label>\n\t\t\t\t\t\t\t\t<input size=\"1\" type=\"tel\" name=\"form_fields[field_2]\" id=\"form-field-field_2\" class=\"elementor-field elementor-size-lg  elementor-field-textual\" placeholder=\"Telefon\" pattern=\"[0-9()#&amp;+*-=.]+\" title=\"Kun tal og telefonkarakterer (#,-,*, o.s.v.) accepteres.\">\n\n\t\t\t\t\t\t<\/div>\n\t\t\t\t\t\t\t\t<div class=\"elementor-field-type-textarea elementor-field-group elementor-column elementor-field-group-message elementor-col-100\">\n\t\t\t\t\t\t\t\t\t\t\t\t<label for=\"form-field-message\" class=\"elementor-field-label elementor-screen-only\">\n\t\t\t\t\t\t\t\tBesked\t\t\t\t\t\t\t<\/label>\n\t\t\t\t\t\t<textarea class=\"elementor-field-textual elementor-field  elementor-size-lg\" name=\"form_fields[message]\" id=\"form-field-message\" rows=\"5\" placeholder=\"Besked*\"><\/textarea>\t\t\t\t<\/div>\n\t\t\t\t\t\t\t\t<div class=\"elementor-field-group elementor-column elementor-field-type-submit elementor-col-100 e-form__buttons\">\n\t\t\t\t\t<button class=\"elementor-button elementor-size-md\" type=\"submit\">\n\t\t\t\t\t\t<span class=\"elementor-button-content-wrapper\">\n\t\t\t\t\t\t\t\t\t\t\t\t\t\t\t\t\t\t\t\t\t\t<span class=\"elementor-button-text\">KONTAKT OS<\/span>\n\t\t\t\t\t\t\t\t\t\t\t\t\t<\/span>\n\t\t\t\t\t<\/button>\n\t\t\t\t<\/div>\n\t\t\t<\/div>\n\t\t<\/form>\n\t\t\t\t\t\t<\/div>\n\t\t\t\t<\/div>\n\t\t\t\t\t<\/div>\n\t\t<\/div>\n\t\t\t\t\t<\/div>\n\t\t<\/section>\n\t\t\t\t\t<\/div>\n\t\t<\/div>\n\t\t\t\t\t<\/div>\n\t\t<\/section>\n\t\t\t\t<\/div>\n\t\t","protected":false},"excerpt":{"rendered":"<p>Om Aalborg internationale guitarfestival &amp; konkurrence Visionen\/missionen:Aalborg Guitar Festival &amp; Competitions.Koncerter &#8211; konkurrencer &#8211; workshops &#8211; udstillinger. Den st\u00f8rste guitarfestival i Danmark. Du kan h\u00f8re klassisk, moderne, jazz og blues. FlamencoFolkemusik, musik for alle &#8211; unge og gamle. Aalborg Guitar Festival &amp; Competitions skaber gennem koncerter, konkurrencer, workshops, musik og guitarudstillinger et forum, der skal [&hellip;]<\/p>\n","protected":false},"author":1,"featured_media":0,"parent":0,"menu_order":0,"comment_status":"closed","ping_status":"closed","template":"","meta":{"site-sidebar-layout":"no-sidebar","site-content-layout":"page-builder","ast-site-content-layout":"default","site-content-style":"default","site-sidebar-style":"default","ast-global-header-display":"","ast-banner-title-visibility":"","ast-main-header-display":"","ast-hfb-above-header-display":"","ast-hfb-below-header-display":"","ast-hfb-mobile-header-display":"","site-post-title":"disabled","ast-breadcrumbs-content":"","ast-featured-img":"disabled","footer-sml-layout":"","ast-disable-related-posts":"","theme-transparent-header-meta":"default","adv-header-id-meta":"","stick-header-meta":"","header-above-stick-meta":"","header-main-stick-meta":"","header-below-stick-meta":"","astra-migrate-meta-layouts":"default","ast-page-background-enabled":"default","ast-page-background-meta":{"desktop":{"background-color":"var(--ast-global-color-4)","background-image":"","background-repeat":"repeat","background-position":"center center","background-size":"auto","background-attachment":"scroll","background-type":"","background-media":"","overlay-type":"","overlay-color":"","overlay-opacity":"","overlay-gradient":""},"tablet":{"background-color":"","background-image":"","background-repeat":"repeat","background-position":"center center","background-size":"auto","background-attachment":"scroll","background-type":"","background-media":"","overlay-type":"","overlay-color":"","overlay-opacity":"","overlay-gradient":""},"mobile":{"background-color":"","background-image":"","background-repeat":"repeat","background-position":"center center","background-size":"auto","background-attachment":"scroll","background-type":"","background-media":"","overlay-type":"","overlay-color":"","overlay-opacity":"","overlay-gradient":""}},"ast-content-background-meta":{"desktop":{"background-color":"var(--ast-global-color-5)","background-image":"","background-repeat":"repeat","background-position":"center center","background-size":"auto","background-attachment":"scroll","background-type":"","background-media":"","overlay-type":"","overlay-color":"","overlay-opacity":"","overlay-gradient":""},"tablet":{"background-color":"var(--ast-global-color-5)","background-image":"","background-repeat":"repeat","background-position":"center center","background-size":"auto","background-attachment":"scroll","background-type":"","background-media":"","overlay-type":"","overlay-color":"","overlay-opacity":"","overlay-gradient":""},"mobile":{"background-color":"var(--ast-global-color-5)","background-image":"","background-repeat":"repeat","background-position":"center center","background-size":"auto","background-attachment":"scroll","background-type":"","background-media":"","overlay-type":"","overlay-color":"","overlay-opacity":"","overlay-gradient":""}},"footnotes":""},"class_list":["post-1555","page","type-page","status-publish","hentry"],"yoast_head":"<!-- This site is optimized with the Yoast SEO plugin v27.4 - https:\/\/yoast.com\/product\/yoast-seo-wordpress\/ -->\n<title>Om Aalborg Guitar Festival &amp; Competition | Aalborg<\/title>\n<meta name=\"description\" content=\"Aalborg Guitar Festival &amp; Competitions skaber gennem koncerter, konkurrencer, workshops, musik og guitarudstillinger et forum for at...\" \/>\n<meta name=\"robots\" content=\"index, follow, max-snippet:-1, max-image-preview:large, max-video-preview:-1\" \/>\n<link rel=\"canonical\" href=\"https:\/\/aalborgguitarfestival.com\/da\/about-us\/\" \/>\n<meta property=\"og:locale\" content=\"da_DK\" \/>\n<meta property=\"og:type\" content=\"article\" \/>\n<meta property=\"og:title\" content=\"Om Aalborg Guitar Festival &amp; Competition | Aalborg\" \/>\n<meta property=\"og:description\" content=\"Aalborg Guitar Festival &amp; Competitions skaber gennem koncerter, konkurrencer, workshops, musik og guitarudstillinger et forum for at...\" \/>\n<meta property=\"og:url\" content=\"https:\/\/aalborgguitarfestival.com\/da\/about-us\/\" \/>\n<meta property=\"og:site_name\" content=\"Aalborg Guitar Festival &amp; Competition\" \/>\n<meta property=\"article:publisher\" content=\"https:\/\/www.facebook.com\/Aalborgguitarfestival\" \/>\n<meta property=\"article:modified_time\" content=\"2025-09-27T12:59:43+00:00\" \/>\n<meta property=\"og:image\" content=\"https:\/\/aalborgguitarfestival.com\/wp-content\/uploads\/2022\/06\/Original-Logo-1536x710-1.png\" \/>\n\t<meta property=\"og:image:width\" content=\"612\" \/>\n\t<meta property=\"og:image:height\" content=\"200\" \/>\n\t<meta property=\"og:image:type\" content=\"image\/png\" \/>\n<meta name=\"twitter:card\" content=\"summary_large_image\" \/>\n<meta name=\"twitter:label1\" content=\"Estimeret l\u00e6setid\" \/>\n\t<meta name=\"twitter:data1\" content=\"2 minutter\" \/>\n<script type=\"application\/ld+json\" class=\"yoast-schema-graph\">{\"@context\":\"https:\\\/\\\/schema.org\",\"@graph\":[{\"@type\":\"WebPage\",\"@id\":\"https:\\\/\\\/aalborgguitarfestival.com\\\/about-aalborg-guitar-festival\\\/\",\"url\":\"https:\\\/\\\/aalborgguitarfestival.com\\\/da\\\/about-us\\\/\",\"name\":\"Om Aalborg Guitar Festival &amp; Competition | Aalborg\",\"isPartOf\":{\"@id\":\"https:\\\/\\\/aalborgguitarfestival.com\\\/#website\"},\"datePublished\":\"2022-07-27T11:21:02+00:00\",\"dateModified\":\"2025-09-27T12:59:43+00:00\",\"description\":\"Aalborg Guitar Festival & Competitions skaber gennem koncerter, konkurrencer, workshops, musik og guitarudstillinger et forum for at...\",\"breadcrumb\":{\"@id\":\"https:\\\/\\\/aalborgguitarfestival.com\\\/da\\\/about-us\\\/#breadcrumb\"},\"inLanguage\":\"da-DK\",\"potentialAction\":[{\"@type\":\"ReadAction\",\"target\":[\"https:\\\/\\\/aalborgguitarfestival.com\\\/da\\\/about-us\\\/\"]}]},{\"@type\":\"BreadcrumbList\",\"@id\":\"https:\\\/\\\/aalborgguitarfestival.com\\\/da\\\/about-us\\\/#breadcrumb\",\"itemListElement\":[{\"@type\":\"ListItem\",\"position\":1,\"name\":\"Hjem\",\"item\":\"https:\\\/\\\/aalborgguitarfestival.com\\\/da\\\/home\\\/\"},{\"@type\":\"ListItem\",\"position\":2,\"name\":\"Om\"}]},{\"@type\":\"WebSite\",\"@id\":\"https:\\\/\\\/aalborgguitarfestival.com\\\/#website\",\"url\":\"https:\\\/\\\/aalborgguitarfestival.com\\\/\",\"name\":\"Aalborg Guitar Festival &amp; Competition\",\"description\":\"Concerts - Competitions - Masterclasses - Workshops - Exhibitions\",\"publisher\":{\"@id\":\"https:\\\/\\\/aalborgguitarfestival.com\\\/#organization\"},\"potentialAction\":[{\"@type\":\"SearchAction\",\"target\":{\"@type\":\"EntryPoint\",\"urlTemplate\":\"https:\\\/\\\/aalborgguitarfestival.com\\\/?s={search_term_string}\"},\"query-input\":{\"@type\":\"PropertyValueSpecification\",\"valueRequired\":true,\"valueName\":\"search_term_string\"}}],\"inLanguage\":\"da-DK\"},{\"@type\":\"Organization\",\"@id\":\"https:\\\/\\\/aalborgguitarfestival.com\\\/#organization\",\"name\":\"Aalborg Guitar Festival & Competitions\",\"url\":\"https:\\\/\\\/aalborgguitarfestival.com\\\/\",\"logo\":{\"@type\":\"ImageObject\",\"inLanguage\":\"da-DK\",\"@id\":\"https:\\\/\\\/aalborgguitarfestival.com\\\/#\\\/schema\\\/logo\\\/image\\\/\",\"url\":\"https:\\\/\\\/aalborgguitarfestival.com\\\/wp-content\\\/uploads\\\/2022\\\/06\\\/Original-Logo-1536x710-1.png\",\"contentUrl\":\"https:\\\/\\\/aalborgguitarfestival.com\\\/wp-content\\\/uploads\\\/2022\\\/06\\\/Original-Logo-1536x710-1.png\",\"width\":612,\"height\":200,\"caption\":\"Aalborg Guitar Festival & Competitions\"},\"image\":{\"@id\":\"https:\\\/\\\/aalborgguitarfestival.com\\\/#\\\/schema\\\/logo\\\/image\\\/\"},\"sameAs\":[\"https:\\\/\\\/www.facebook.com\\\/Aalborgguitarfestival\",\"https:\\\/\\\/www.instagram.com\\\/aalborgguitarfestival\\\/\"]}]}<\/script>\n<!-- \/ Yoast SEO plugin. -->","yoast_head_json":{"title":"Om Aalborg Guitar Festival &amp; Competition | Aalborg","description":"Aalborg Guitar Festival & Competitions skaber gennem koncerter, konkurrencer, workshops, musik og guitarudstillinger et forum for at...","robots":{"index":"index","follow":"follow","max-snippet":"max-snippet:-1","max-image-preview":"max-image-preview:large","max-video-preview":"max-video-preview:-1"},"canonical":"https:\/\/aalborgguitarfestival.com\/da\/about-us\/","og_locale":"da_DK","og_type":"article","og_title":"Om Aalborg Guitar Festival &amp; Competition | Aalborg","og_description":"Aalborg Guitar Festival & Competitions skaber gennem koncerter, konkurrencer, workshops, musik og guitarudstillinger et forum for at...","og_url":"https:\/\/aalborgguitarfestival.com\/da\/about-us\/","og_site_name":"Aalborg Guitar Festival &amp; Competition","article_publisher":"https:\/\/www.facebook.com\/Aalborgguitarfestival","article_modified_time":"2025-09-27T12:59:43+00:00","og_image":[{"width":612,"height":200,"url":"https:\/\/aalborgguitarfestival.com\/wp-content\/uploads\/2022\/06\/Original-Logo-1536x710-1.png","type":"image\/png"}],"twitter_card":"summary_large_image","twitter_misc":{"Estimeret l\u00e6setid":"2 minutter"},"schema":{"@context":"https:\/\/schema.org","@graph":[{"@type":"WebPage","@id":"https:\/\/aalborgguitarfestival.com\/about-aalborg-guitar-festival\/","url":"https:\/\/aalborgguitarfestival.com\/da\/about-us\/","name":"Om Aalborg Guitar Festival &amp; Competition | Aalborg","isPartOf":{"@id":"https:\/\/aalborgguitarfestival.com\/#website"},"datePublished":"2022-07-27T11:21:02+00:00","dateModified":"2025-09-27T12:59:43+00:00","description":"Aalborg Guitar Festival & Competitions skaber gennem koncerter, konkurrencer, workshops, musik og guitarudstillinger et forum for at...","breadcrumb":{"@id":"https:\/\/aalborgguitarfestival.com\/da\/about-us\/#breadcrumb"},"inLanguage":"da-DK","potentialAction":[{"@type":"ReadAction","target":["https:\/\/aalborgguitarfestival.com\/da\/about-us\/"]}]},{"@type":"BreadcrumbList","@id":"https:\/\/aalborgguitarfestival.com\/da\/about-us\/#breadcrumb","itemListElement":[{"@type":"ListItem","position":1,"name":"Hjem","item":"https:\/\/aalborgguitarfestival.com\/da\/home\/"},{"@type":"ListItem","position":2,"name":"Om"}]},{"@type":"WebSite","@id":"https:\/\/aalborgguitarfestival.com\/#website","url":"https:\/\/aalborgguitarfestival.com\/","name":"Aalborg Guitar Festival &amp; Competition","description":"Concerts - Competitions - Masterclasses - Workshops - Exhibitions","publisher":{"@id":"https:\/\/aalborgguitarfestival.com\/#organization"},"potentialAction":[{"@type":"SearchAction","target":{"@type":"EntryPoint","urlTemplate":"https:\/\/aalborgguitarfestival.com\/?s={search_term_string}"},"query-input":{"@type":"PropertyValueSpecification","valueRequired":true,"valueName":"search_term_string"}}],"inLanguage":"da-DK"},{"@type":"Organization","@id":"https:\/\/aalborgguitarfestival.com\/#organization","name":"Aalborg Guitar Festival & Competitions","url":"https:\/\/aalborgguitarfestival.com\/","logo":{"@type":"ImageObject","inLanguage":"da-DK","@id":"https:\/\/aalborgguitarfestival.com\/#\/schema\/logo\/image\/","url":"https:\/\/aalborgguitarfestival.com\/wp-content\/uploads\/2022\/06\/Original-Logo-1536x710-1.png","contentUrl":"https:\/\/aalborgguitarfestival.com\/wp-content\/uploads\/2022\/06\/Original-Logo-1536x710-1.png","width":612,"height":200,"caption":"Aalborg Guitar Festival & Competitions"},"image":{"@id":"https:\/\/aalborgguitarfestival.com\/#\/schema\/logo\/image\/"},"sameAs":["https:\/\/www.facebook.com\/Aalborgguitarfestival","https:\/\/www.instagram.com\/aalborgguitarfestival\/"]}]}},"_links":{"self":[{"href":"https:\/\/aalborgguitarfestival.com\/da\/wp-json\/wp\/v2\/pages\/1555","targetHints":{"allow":["GET"]}}],"collection":[{"href":"https:\/\/aalborgguitarfestival.com\/da\/wp-json\/wp\/v2\/pages"}],"about":[{"href":"https:\/\/aalborgguitarfestival.com\/da\/wp-json\/wp\/v2\/types\/page"}],"author":[{"embeddable":true,"href":"https:\/\/aalborgguitarfestival.com\/da\/wp-json\/wp\/v2\/users\/1"}],"replies":[{"embeddable":true,"href":"https:\/\/aalborgguitarfestival.com\/da\/wp-json\/wp\/v2\/comments?post=1555"}],"version-history":[{"count":10,"href":"https:\/\/aalborgguitarfestival.com\/da\/wp-json\/wp\/v2\/pages\/1555\/revisions"}],"predecessor-version":[{"id":13004,"href":"https:\/\/aalborgguitarfestival.com\/da\/wp-json\/wp\/v2\/pages\/1555\/revisions\/13004"}],"wp:attachment":[{"href":"https:\/\/aalborgguitarfestival.com\/da\/wp-json\/wp\/v2\/media?parent=1555"}],"curies":[{"name":"wp","href":"https:\/\/api.w.org\/{rel}","templated":true}]}}